{"id":62,"date":"2026-03-04T05:46:24","date_gmt":"2026-03-04T05:46:24","guid":{"rendered":"https:\/\/az-taiho-mexico.mx\/?page_id=62"},"modified":"2026-03-04T06:05:04","modified_gmt":"2026-03-04T06:05:04","slug":"porque-nosotros","status":"publish","type":"page","link":"https:\/\/az-taiho-mexico.mx\/index.php\/porque-nosotros\/","title":{"rendered":"Porque Nosotros?"},"content":{"rendered":"\n<p>Nadie comprende mejor las necesidades de un nogalero que otro nogalero. Por eso ofrecemos la soluci\u00f3n que usted est\u00e1 buscando.<\/p>\n\n\n\n<p class=\"has-large-font-size\"><strong>AZ-TAIHO-MEXICO<\/strong><\/p>\n\n\n\n<p><br><strong>AZ-TAIHO-M\u00c9XICO<\/strong> nace desde el campo y para el campo. Surge de<br>la inquietud de hacer las cosas mejor, de producir m\u00e1s y con mayor<br>calidad, sin perder de vista la realidad diaria del productor<br>mexicano.<br>Detr\u00e1s de este proyecto est\u00e1n <strong>Sergio Zubia<\/strong> y <strong>Juan Acosta<\/strong>, ambos<br>provenientes de familias de productores, quienes conocen de<br>primera mano los desaf\u00edos reales del campo: la mano de obra, la<br>eficiencia, la calidad y la rentabilidad.<br>Sergio aporta a\u00f1os de experiencia en la <strong>maquila y producci\u00f3n de<br>nuez<\/strong>, entendiendo cada etapa del proceso y los puntos cr\u00edticos<br>donde se gana o se pierde valor.<br>Juan, desde la frontera entre M\u00e9xico y Estados Unidos \u2014donde la<br>industria, la automatizaci\u00f3n y la innovaci\u00f3n avanzan todos los d\u00edas\u2014<br>lleva al campo mexicano <strong>soluciones basadas en inteligencia<br>artificial<\/strong>, dise\u00f1adas para competir al m\u00e1s alto nivel.<br>Esta alianza estrat\u00e9gica, respaldada por <strong>tecnolog\u00eda china de \u00faltima<br>generaci\u00f3n<\/strong>, nos permite ofrecer <strong>soluciones personalizadas<\/strong>,<br>eficientes y accesibles, adaptadas a las condiciones reales del<br>productor mexicano.<\/p>\n\n\n\n<p><br><strong>No se trata solo de tecnolog\u00eda. Se trata de producir mejor,<br>reducir mermas y aumentar la rentabilidad del campo<\/strong>.<\/p>\n","protected":false},"excerpt":{"rendered":"<p>Nadie comprende mejor las necesidades de un nogalero que otro nogalero. Por eso ofrecemos la soluci\u00f3n que usted est\u00e1 buscando. [&hellip;]<\/p>\n","protected":false},"author":1,"featured_media":0,"parent":0,"menu_order":0,"comment_status":"closed","ping_status":"closed","template":"","meta":{"site-sidebar-layout":"default","site-content-layout":"","ast-site-content-layout":"normal-width-container","site-content-style":"unboxed","site-sidebar-style":"default","ast-global-header-display":"","ast-banner-title-visibility":"","ast-main-header-display":"","ast-hfb-above-header-display":"","ast-hfb-below-header-display":"","ast-hfb-mobile-header-display":"","site-post-title":"","ast-breadcrumbs-content":"","ast-featured-img":"","footer-sml-layout":"","ast-disable-related-posts":"","theme-transparent-header-meta":"","adv-header-id-meta":"","stick-header-meta":"","header-above-stick-meta":"","header-main-stick-meta":"","header-below-stick-meta":"","astra-migrate-meta-layouts":"default","ast-page-background-enabled":"default","ast-page-background-meta":{"desktop":{"background-color":"var(--ast-global-color-5)","background-image":"","background-repeat":"repeat","background-position":"center center","background-size":"auto","background-attachment":"scroll","background-type":"","background-media":"","overlay-type":"","overlay-color":"","overlay-opacity":"","overlay-gradient":""},"tablet":{"background-color":"","background-image":"","background-repeat":"repeat","background-position":"center center","background-size":"auto","background-attachment":"scroll","background-type":"","background-media":"","overlay-type":"","overlay-color":"","overlay-opacity":"","overlay-gradient":""},"mobile":{"background-color":"","background-image":"","background-repeat":"repeat","background-position":"center center","background-size":"auto","background-attachment":"scroll","background-type":"","background-media":"","overlay-type":"","overlay-color":"","overlay-opacity":"","overlay-gradient":""}},"ast-content-background-meta":{"desktop":{"background-color":"var(--ast-global-color-4)","background-image":"","background-repeat":"repeat","background-position":"center center","background-size":"auto","background-attachment":"scroll","background-type":"","background-media":"","overlay-type":"","overlay-color":"","overlay-opacity":"","overlay-gradient":""},"tablet":{"background-color":"var(--ast-global-color-4)","background-image":"","background-repeat":"repeat","background-position":"center center","background-size":"auto","background-attachment":"scroll","background-type":"","background-media":"","overlay-type":"","overlay-color":"","overlay-opacity":"","overlay-gradient":""},"mobile":{"background-color":"var(--ast-global-color-4)","background-image":"","background-repeat":"repeat","background-position":"center center","background-size":"auto","background-attachment":"scroll","background-type":"","background-media":"","overlay-type":"","overlay-color":"","overlay-opacity":"","overlay-gradient":""}},"footnotes":""},"class_list":["post-62","page","type-page","status-publish","hentry"],"yoast_head":"<!-- This site is optimized with the Yoast SEO plugin v26.6 - https:\/\/yoast.com\/wordpress\/plugins\/seo\/ -->\n<title>Porque Nosotros? - AZ-TAIHO-MEXICO<\/title>\n<meta name=\"robots\" content=\"index, follow, max-snippet:-1, max-image-preview:large, max-video-preview:-1\" \/>\n<link rel=\"canonical\" href=\"https:\/\/az-taiho-mexico.mx\/index.php\/porque-nosotros\/\" \/>\n<meta property=\"og:locale\" content=\"es_ES\" \/>\n<meta property=\"og:type\" content=\"article\" \/>\n<meta property=\"og:title\" content=\"Porque Nosotros? - AZ-TAIHO-MEXICO\" \/>\n<meta property=\"og:description\" content=\"Nadie comprende mejor las necesidades de un nogalero que otro nogalero. Por eso ofrecemos la soluci\u00f3n que usted est\u00e1 buscando. [&hellip;]\" \/>\n<meta property=\"og:url\" content=\"https:\/\/az-taiho-mexico.mx\/index.php\/porque-nosotros\/\" \/>\n<meta property=\"og:site_name\" content=\"AZ-TAIHO-MEXICO\" \/>\n<meta property=\"article:modified_time\" content=\"2026-03-04T06:05:04+00:00\" \/>\n<meta name=\"twitter:card\" content=\"summary_large_image\" \/>\n<meta name=\"twitter:label1\" content=\"Tiempo de lectura\" \/>\n\t<meta name=\"twitter:data1\" content=\"1 minuto\" \/>\n<script type=\"application\/ld+json\" class=\"yoast-schema-graph\">{\"@context\":\"https:\/\/schema.org\",\"@graph\":[{\"@type\":\"WebPage\",\"@id\":\"https:\/\/az-taiho-mexico.mx\/index.php\/porque-nosotros\/\",\"url\":\"https:\/\/az-taiho-mexico.mx\/index.php\/porque-nosotros\/\",\"name\":\"Porque Nosotros? - AZ-TAIHO-MEXICO\",\"isPartOf\":{\"@id\":\"https:\/\/az-taiho-mexico.mx\/#website\"},\"datePublished\":\"2026-03-04T05:46:24+00:00\",\"dateModified\":\"2026-03-04T06:05:04+00:00\",\"breadcrumb\":{\"@id\":\"https:\/\/az-taiho-mexico.mx\/index.php\/porque-nosotros\/#breadcrumb\"},\"inLanguage\":\"es\",\"potentialAction\":[{\"@type\":\"ReadAction\",\"target\":[\"https:\/\/az-taiho-mexico.mx\/index.php\/porque-nosotros\/\"]}]},{\"@type\":\"BreadcrumbList\",\"@id\":\"https:\/\/az-taiho-mexico.mx\/index.php\/porque-nosotros\/#breadcrumb\",\"itemListElement\":[{\"@type\":\"ListItem\",\"position\":1,\"name\":\"Portada\",\"item\":\"https:\/\/az-taiho-mexico.mx\/\"},{\"@type\":\"ListItem\",\"position\":2,\"name\":\"Porque Nosotros?\"}]},{\"@type\":\"WebSite\",\"@id\":\"https:\/\/az-taiho-mexico.mx\/#website\",\"url\":\"https:\/\/az-taiho-mexico.mx\/\",\"name\":\"AZ-TAIHO-MEXICO\",\"description\":\"\",\"publisher\":{\"@id\":\"https:\/\/az-taiho-mexico.mx\/#organization\"},\"potentialAction\":[{\"@type\":\"SearchAction\",\"target\":{\"@type\":\"EntryPoint\",\"urlTemplate\":\"https:\/\/az-taiho-mexico.mx\/?s={search_term_string}\"},\"query-input\":{\"@type\":\"PropertyValueSpecification\",\"valueRequired\":true,\"valueName\":\"search_term_string\"}}],\"inLanguage\":\"es\"},{\"@type\":\"Organization\",\"@id\":\"https:\/\/az-taiho-mexico.mx\/#organization\",\"name\":\"AZ-TAIHO-MEXICO\",\"url\":\"https:\/\/az-taiho-mexico.mx\/\",\"logo\":{\"@type\":\"ImageObject\",\"inLanguage\":\"es\",\"@id\":\"https:\/\/az-taiho-mexico.mx\/#\/schema\/logo\/image\/\",\"url\":\"https:\/\/az-taiho-mexico.mx\/wp-content\/uploads\/2025\/12\/AZ-TAIHO.png\",\"contentUrl\":\"https:\/\/az-taiho-mexico.mx\/wp-content\/uploads\/2025\/12\/AZ-TAIHO.png\",\"width\":180,\"height\":60,\"caption\":\"AZ-TAIHO-MEXICO\"},\"image\":{\"@id\":\"https:\/\/az-taiho-mexico.mx\/#\/schema\/logo\/image\/\"}}]}<\/script>\n<!-- \/ Yoast SEO plugin. -->","yoast_head_json":{"title":"Porque Nosotros? - AZ-TAIHO-MEXICO","robots":{"index":"index","follow":"follow","max-snippet":"max-snippet:-1","max-image-preview":"max-image-preview:large","max-video-preview":"max-video-preview:-1"},"canonical":"https:\/\/az-taiho-mexico.mx\/index.php\/porque-nosotros\/","og_locale":"es_ES","og_type":"article","og_title":"Porque Nosotros? - AZ-TAIHO-MEXICO","og_description":"Nadie comprende mejor las necesidades de un nogalero que otro nogalero. Por eso ofrecemos la soluci\u00f3n que usted est\u00e1 buscando. [&hellip;]","og_url":"https:\/\/az-taiho-mexico.mx\/index.php\/porque-nosotros\/","og_site_name":"AZ-TAIHO-MEXICO","article_modified_time":"2026-03-04T06:05:04+00:00","twitter_card":"summary_large_image","twitter_misc":{"Tiempo de lectura":"1 minuto"},"schema":{"@context":"https:\/\/schema.org","@graph":[{"@type":"WebPage","@id":"https:\/\/az-taiho-mexico.mx\/index.php\/porque-nosotros\/","url":"https:\/\/az-taiho-mexico.mx\/index.php\/porque-nosotros\/","name":"Porque Nosotros? - AZ-TAIHO-MEXICO","isPartOf":{"@id":"https:\/\/az-taiho-mexico.mx\/#website"},"datePublished":"2026-03-04T05:46:24+00:00","dateModified":"2026-03-04T06:05:04+00:00","breadcrumb":{"@id":"https:\/\/az-taiho-mexico.mx\/index.php\/porque-nosotros\/#breadcrumb"},"inLanguage":"es","potentialAction":[{"@type":"ReadAction","target":["https:\/\/az-taiho-mexico.mx\/index.php\/porque-nosotros\/"]}]},{"@type":"BreadcrumbList","@id":"https:\/\/az-taiho-mexico.mx\/index.php\/porque-nosotros\/#breadcrumb","itemListElement":[{"@type":"ListItem","position":1,"name":"Portada","item":"https:\/\/az-taiho-mexico.mx\/"},{"@type":"ListItem","position":2,"name":"Porque Nosotros?"}]},{"@type":"WebSite","@id":"https:\/\/az-taiho-mexico.mx\/#website","url":"https:\/\/az-taiho-mexico.mx\/","name":"AZ-TAIHO-MEXICO","description":"","publisher":{"@id":"https:\/\/az-taiho-mexico.mx\/#organization"},"potentialAction":[{"@type":"SearchAction","target":{"@type":"EntryPoint","urlTemplate":"https:\/\/az-taiho-mexico.mx\/?s={search_term_string}"},"query-input":{"@type":"PropertyValueSpecification","valueRequired":true,"valueName":"search_term_string"}}],"inLanguage":"es"},{"@type":"Organization","@id":"https:\/\/az-taiho-mexico.mx\/#organization","name":"AZ-TAIHO-MEXICO","url":"https:\/\/az-taiho-mexico.mx\/","logo":{"@type":"ImageObject","inLanguage":"es","@id":"https:\/\/az-taiho-mexico.mx\/#\/schema\/logo\/image\/","url":"https:\/\/az-taiho-mexico.mx\/wp-content\/uploads\/2025\/12\/AZ-TAIHO.png","contentUrl":"https:\/\/az-taiho-mexico.mx\/wp-content\/uploads\/2025\/12\/AZ-TAIHO.png","width":180,"height":60,"caption":"AZ-TAIHO-MEXICO"},"image":{"@id":"https:\/\/az-taiho-mexico.mx\/#\/schema\/logo\/image\/"}}]}},"_links":{"self":[{"href":"https:\/\/az-taiho-mexico.mx\/index.php\/wp-json\/wp\/v2\/pages\/62","targetHints":{"allow":["GET"]}}],"collection":[{"href":"https:\/\/az-taiho-mexico.mx\/index.php\/wp-json\/wp\/v2\/pages"}],"about":[{"href":"https:\/\/az-taiho-mexico.mx\/index.php\/wp-json\/wp\/v2\/types\/page"}],"author":[{"embeddable":true,"href":"https:\/\/az-taiho-mexico.mx\/index.php\/wp-json\/wp\/v2\/users\/1"}],"replies":[{"embeddable":true,"href":"https:\/\/az-taiho-mexico.mx\/index.php\/wp-json\/wp\/v2\/comments?post=62"}],"version-history":[{"count":4,"href":"https:\/\/az-taiho-mexico.mx\/index.php\/wp-json\/wp\/v2\/pages\/62\/revisions"}],"predecessor-version":[{"id":70,"href":"https:\/\/az-taiho-mexico.mx\/index.php\/wp-json\/wp\/v2\/pages\/62\/revisions\/70"}],"wp:attachment":[{"href":"https:\/\/az-taiho-mexico.mx\/index.php\/wp-json\/wp\/v2\/media?parent=62"}],"curies":[{"name":"wp","href":"https:\/\/api.w.org\/{rel}","templated":true}]}}